{"id":66,"date":"2018-03-27T11:50:19","date_gmt":"2018-03-27T11:50:19","guid":{"rendered":"http:\/\/test.globalfilms.fi\/?page_id=66"},"modified":"2022-05-04T06:57:10","modified_gmt":"2022-05-04T06:57:10","slug":"tuotteet","status":"publish","type":"page","link":"https:\/\/globalfilms.fi\/?page_id=66","title":{"rendered":"Tuotteet"},"content":{"rendered":"<h4>Ikkunakalvot (High Performance Films)<\/h4>\n<p>Ikkunakalvot suojaavat autosi tekstiilej\u00e4 haalistumiselta ja huonontumiselta, antavat n\u00e4k\u00f6suojaa sek\u00e4 suojaavat lemmikkej\u00e4, lapsia ja muita matkustajia l\u00e4mm\u00f6lt\u00e4. Ikkunakalvot antavat my\u00f6s turvaa lasin rikkoutumisen ja pirstaloitumisen varalta. High Performace (HP) Charcoal on metallisoitu kalvo, joka tarjoaa maksimaalisen l\u00e4mm\u00f6nehk\u00e4isyn ja esteettisyyden. Kalvot ovat saatavilla 5, 10, 20, 30, 40 ja 50 % valonl\u00e4p\u00e4isyvahvuuksissa.<\/p>\n<p><strong><em>Kaikki tuotteet ja yksityiskohtaiset tiedot l\u00f6yd\u00e4t <a href=\"http:\/\/www.globalwindowfilms.com\/product.php\">valmistajan sivuilta<\/a>.<\/em><\/strong><\/p>\n<p><em><strong>Global Window Films -tuotteita voit ostaa verkkokaupastamme <a href=\"https:\/\/www.qzvinyls.fi\/category\/141\/global-kalvot\">qzvinyls.fi<\/a>.<\/strong><\/em><\/p>\n<p><iframe loading=\"lazy\" src=\"https:\/\/www.youtube.com\/embed\/eOsG8z_9ShU\" width=\"560\" height=\"315\" frameborder=\"0\" allowfullscreen=\"allowfullscreen\"><\/iframe><\/p>\n<p>&nbsp;<\/p>\n<p><img loading=\"lazy\" decoding=\"async\" class=\"alignnone wp-image-81 size-large\" src=\"http:\/\/test.globalfilms.fi\/wp-content\/uploads\/2018\/03\/Tummuusasteikko-953x1024.jpg\" alt=\"\" width=\"953\" height=\"1024\" srcset=\"https:\/\/globalfilms.fi\/wp-content\/uploads\/2018\/03\/Tummuusasteikko-953x1024.jpg 953w, https:\/\/globalfilms.fi\/wp-content\/uploads\/2018\/03\/Tummuusasteikko-279x300.jpg 279w, https:\/\/globalfilms.fi\/wp-content\/uploads\/2018\/03\/Tummuusasteikko-768x825.jpg 768w, https:\/\/globalfilms.fi\/wp-content\/uploads\/2018\/03\/Tummuusasteikko-830x892.jpg 830w, https:\/\/globalfilms.fi\/wp-content\/uploads\/2018\/03\/Tummuusasteikko-230x247.jpg 230w, https:\/\/globalfilms.fi\/wp-content\/uploads\/2018\/03\/Tummuusasteikko-350x376.jpg 350w, https:\/\/globalfilms.fi\/wp-content\/uploads\/2018\/03\/Tummuusasteikko-480x516.jpg 480w\" sizes=\"auto, (max-width: 953px) 100vw, 953px\" \/><\/p>\n<p>&nbsp;<\/p>\n<h4><strong>PPF kalvot maalipinnan suojaksi<\/strong><\/h4>\n<p>Global PPF -kalvo on maalipintaa suojaava kalvo&nbsp;hydrofobisella&nbsp;superkiilt\u00e4v\u00e4ll\u00e4 pinnalla ja eritt\u00e4in tehokkaalla SELF HEALING -ominaisuudella, joka toimii jopa huoneenl\u00e4mm\u00f6ss\u00e4!&nbsp;Kalvo v\u00e4hent\u00e4\u00e4 auton pinnassa olevan&nbsp;maalauskuvion erottuvuutta. Kalvon k\u00e4\u00e4nt\u00e4minen ja reunojen huolittelu onnistuu helpommin vahvemman liimaseoksen ansiosta.&nbsp;Tuote on suunniteltu kest\u00e4m\u00e4\u00e4n eritt\u00e4in pitki\u00e4 aikoja, joten Global antaa tuotteelle takuun jopa 10 vuodeksi.&nbsp;Normaali PPF-kalvosta poiketen asennuksessa voidaan k\u00e4ytt\u00e4\u00e4 l\u00e4mp\u00f6\u00e4 apuna. <a href=\"https:\/\/www.qzvinyls.fi\/category\/163\/suojakalvot-ja--teipit?per_page=25&amp;_brand=25\"><strong><em>Osta verkkokaupasta&nbsp;\u00bb<\/em><\/strong><\/a><\/p>\n<p><img loading=\"lazy\" decoding=\"async\" class=\"alignnone size-large wp-image-317\" src=\"https:\/\/globalfilms.fi\/wp-content\/uploads\/2020\/11\/global-ppf-asennus-1200x810px-1024x691.jpg\" alt=\"\" width=\"1024\" height=\"691\" srcset=\"https:\/\/globalfilms.fi\/wp-content\/uploads\/2020\/11\/global-ppf-asennus-1200x810px-1024x691.jpg 1024w, https:\/\/globalfilms.fi\/wp-content\/uploads\/2020\/11\/global-ppf-asennus-1200x810px-300x203.jpg 300w, https:\/\/globalfilms.fi\/wp-content\/uploads\/2020\/11\/global-ppf-asennus-1200x810px-768x518.jpg 768w, https:\/\/globalfilms.fi\/wp-content\/uploads\/2020\/11\/global-ppf-asennus-1200x810px-830x560.jpg 830w, https:\/\/globalfilms.fi\/wp-content\/uploads\/2020\/11\/global-ppf-asennus-1200x810px-230x155.jpg 230w, https:\/\/globalfilms.fi\/wp-content\/uploads\/2020\/11\/global-ppf-asennus-1200x810px-350x236.jpg 350w, https:\/\/globalfilms.fi\/wp-content\/uploads\/2020\/11\/global-ppf-asennus-1200x810px-480x324.jpg 480w, https:\/\/globalfilms.fi\/wp-content\/uploads\/2020\/11\/global-ppf-asennus-1200x810px.jpg 1200w\" sizes=\"auto, (max-width: 1024px) 100vw, 1024px\" \/><\/p>\n<p><img loading=\"lazy\" decoding=\"async\" class=\"alignnone size-large wp-image-367\" src=\"https:\/\/globalfilms.fi\/wp-content\/uploads\/2022\/05\/global-suojakalvo-hinnat-1024x723.jpeg\" alt=\"Global Window Films suojakalvojen hinnat\" width=\"1024\" height=\"723\" srcset=\"https:\/\/globalfilms.fi\/wp-content\/uploads\/2022\/05\/global-suojakalvo-hinnat-1024x723.jpeg 1024w, https:\/\/globalfilms.fi\/wp-content\/uploads\/2022\/05\/global-suojakalvo-hinnat-300x212.jpeg 300w, https:\/\/globalfilms.fi\/wp-content\/uploads\/2022\/05\/global-suojakalvo-hinnat-768x542.jpeg 768w, https:\/\/globalfilms.fi\/wp-content\/uploads\/2022\/05\/global-suojakalvo-hinnat-1536x1085.jpeg 1536w, https:\/\/globalfilms.fi\/wp-content\/uploads\/2022\/05\/global-suojakalvo-hinnat-830x586.jpeg 830w, https:\/\/globalfilms.fi\/wp-content\/uploads\/2022\/05\/global-suojakalvo-hinnat-230x162.jpeg 230w, https:\/\/globalfilms.fi\/wp-content\/uploads\/2022\/05\/global-suojakalvo-hinnat-350x247.jpeg 350w, https:\/\/globalfilms.fi\/wp-content\/uploads\/2022\/05\/global-suojakalvo-hinnat-480x339.jpeg 480w, https:\/\/globalfilms.fi\/wp-content\/uploads\/2022\/05\/global-suojakalvo-hinnat.jpeg 1600w\" sizes=\"auto, (max-width: 1024px) 100vw, 1024px\" \/><\/p>\n<p>&nbsp;<\/p>\n<h4>Kiinteist\u00f6kalvot<\/h4>\n<p>Global Window Filmsin tasolasikalvoista l\u00f6ytyv\u00e4t eritt\u00e4in tehokkaasti auringon l\u00e4mp\u00f6\u00e4 heijastavat peilikalvot. Valikoimassa on sek\u00e4 sis\u00e4- ett\u00e4 ulkopuolelle asennettavia kalvoja, sek\u00e4 kalvoja kahdensuuntaisella peilauksella.&nbsp;<\/p>\n<p>Global Ice Cool Grey on eritt\u00e4in tehokas l\u00e4mm\u00f6nsiirtokalvo p\u00e4\u00e4asiallisesti tasolasiasennukseen. Kalvo asennetaan ikkunan&nbsp;sis\u00e4puolelle. Materiaalin l\u00e4mm\u00f6nsiirto on toteutettu erityisell\u00e4 keraamisella toteutuksella, poiketen n\u00e4in olle monien kilpailevien materiaalien toteutuksesta (metalloidut kalvot).&nbsp;<a href=\"https:\/\/www.qzvinyls.fi\/category\/127\/tasolasikalvot?per_page=25&amp;_brand=12\"><strong><em>Osta verkkokaupasta&nbsp;\u00bb<\/em><\/strong><\/a><\/p>\n<p><img loading=\"lazy\" decoding=\"async\" class=\"alignnone size-large wp-image-289\" src=\"https:\/\/globalfilms.fi\/wp-content\/uploads\/2020\/11\/c36395f4-ab93-4e12-82fc-77a4c370e286-1024x1020.jpg\" alt=\"\" width=\"1024\" height=\"1020\" srcset=\"https:\/\/globalfilms.fi\/wp-content\/uploads\/2020\/11\/c36395f4-ab93-4e12-82fc-77a4c370e286-1024x1020.jpg 1024w, https:\/\/globalfilms.fi\/wp-content\/uploads\/2020\/11\/c36395f4-ab93-4e12-82fc-77a4c370e286-150x150.jpg 150w, https:\/\/globalfilms.fi\/wp-content\/uploads\/2020\/11\/c36395f4-ab93-4e12-82fc-77a4c370e286-300x300.jpg 300w, https:\/\/globalfilms.fi\/wp-content\/uploads\/2020\/11\/c36395f4-ab93-4e12-82fc-77a4c370e286-768x765.jpg 768w, https:\/\/globalfilms.fi\/wp-content\/uploads\/2020\/11\/c36395f4-ab93-4e12-82fc-77a4c370e286-830x827.jpg 830w, https:\/\/globalfilms.fi\/wp-content\/uploads\/2020\/11\/c36395f4-ab93-4e12-82fc-77a4c370e286-230x229.jpg 230w, https:\/\/globalfilms.fi\/wp-content\/uploads\/2020\/11\/c36395f4-ab93-4e12-82fc-77a4c370e286-350x349.jpg 350w, https:\/\/globalfilms.fi\/wp-content\/uploads\/2020\/11\/c36395f4-ab93-4e12-82fc-77a4c370e286-480x478.jpg 480w, https:\/\/globalfilms.fi\/wp-content\/uploads\/2020\/11\/c36395f4-ab93-4e12-82fc-77a4c370e286.jpg 1242w\" sizes=\"auto, (max-width: 1024px) 100vw, 1024px\" \/><\/p>\n","protected":false},"excerpt":{"rendered":"<p>Ikkunakalvot (High Performance Films) Ikkunakalvot suojaavat autosi tekstiilej\u00e4 haalistumiselta ja huonontumiselta, antavat n\u00e4k\u00f6suojaa sek\u00e4 suojaavat lemmikkej\u00e4, lapsia ja muita matkustajia l\u00e4mm\u00f6lt\u00e4. Ikkunakalvot [&hellip;]<\/p>\n","protected":false},"author":1,"featured_media":0,"parent":0,"menu_order":0,"comment_status":"closed","ping_status":"closed","template":"","meta":{"_improvement_type_select":"improve_an_existing","_thumb_yes_seoaic":false,"_frame_yes_seoaic":false,"seoaic_generate_description":"","seoaic_improve_instructions_prompt":"","seoaic_rollback_content_improvement":"","seoaic_idea_thumbnail_generator":"","thumbnail_generated":false,"thumbnail_generate_prompt":"","seoaic_article_description":"","ngg_post_thumbnail":0,"footnotes":""},"class_list":["post-66","page","type-page","status-publish","hentry"],"_links":{"self":[{"href":"https:\/\/globalfilms.fi\/index.php?rest_route=\/wp\/v2\/pages\/66","targetHints":{"allow":["GET"]}}],"collection":[{"href":"https:\/\/globalfilms.fi\/index.php?rest_route=\/wp\/v2\/pages"}],"about":[{"href":"https:\/\/globalfilms.fi\/index.php?rest_route=\/wp\/v2\/types\/page"}],"author":[{"embeddable":true,"href":"https:\/\/globalfilms.fi\/index.php?rest_route=\/wp\/v2\/users\/1"}],"replies":[{"embeddable":true,"href":"https:\/\/globalfilms.fi\/index.php?rest_route=%2Fwp%2Fv2%2Fcomments&post=66"}],"version-history":[{"count":20,"href":"https:\/\/globalfilms.fi\/index.php?rest_route=\/wp\/v2\/pages\/66\/revisions"}],"predecessor-version":[{"id":370,"href":"https:\/\/globalfilms.fi\/index.php?rest_route=\/wp\/v2\/pages\/66\/revisions\/370"}],"wp:attachment":[{"href":"https:\/\/globalfilms.fi\/index.php?rest_route=%2Fwp%2Fv2%2Fmedia&parent=66"}],"curies":[{"name":"wp","href":"https:\/\/api.w.org\/{rel}","templated":true}]}}